{"id":170,"date":"2022-05-03T14:01:19","date_gmt":"2022-05-03T14:01:19","guid":{"rendered":"https:\/\/web2.xn--schreinerei-wrmseher-1ec.de\/?page_id=170"},"modified":"2022-05-03T14:05:41","modified_gmt":"2022-05-03T14:05:41","slug":"ein-exklusives-bad-fuer-maximalen-komfort","status":"publish","type":"page","link":"https:\/\/web2.xn--schreinerei-wrmseher-1ec.de\/?page_id=170","title":{"rendered":"Bad"},"content":{"rendered":"\n<h1 class=\"kt-adv-heading_e15f0a-8a wp-block-kadence-advancedheading has-black-color has-text-color\" data-kb-block=\"kb-adv-heading_e15f0a-8a\">Ein exklusives Bad f\u00fcr maximalen Komfort<\/h1>\n\n\n\n<div class=\"is-layout-flex wp-container-3 wp-block-columns\">\n<div class=\"is-layout-flow wp-block-column\">\n<div class=\"wp-block-advgb-image advgb-image-block full-width advgb-lightbox advgb-img-3afbc3f9-86e9-46b2-a198-eafb503dc850\" style=\"background-image:url(https:\/\/web2.xn--schreinerei-wrmseher-1ec.de\/wp-content\/uploads\/2022\/05\/12.jpg);background-position:50% 50%;height:300px;width:500px;justify-content:center;align-items:center\" data-image=\"https:\/\/web2.xn--schreinerei-wrmseher-1ec.de\/wp-content\/uploads\/2022\/05\/12.jpg\"><a class=\"advgb-image-overlay\" style=\"background-color:#000\" target=\"_blank\" rel=\"noopener noreferrer\"><\/a><\/div>\n<\/div>\n\n\n\n<div class=\"is-layout-flow wp-block-column is-vertically-aligned-center\">\n<h2 class=\"kt-adv-heading_4c4d08-4f wp-block-kadence-advancedheading has-black-color has-text-color\" data-kb-block=\"kb-adv-heading_4c4d08-4f\">Ihr Bad auf Ma\u00df vom Schreiner aus Buttenwiesen<\/h2>\n\n\n\n<div id=\"section-g889554\" class=\"wp-block-gutentor-e1 section-g889554 gutentor-element gutentor-element-advanced-text\"><div class=\"gutentor-text-wrap\"><p class=\"gutentor-text\">Mit uns wird Ihr neues Badezimmer zum Erlebnisbad, in dem Sie sich rundum wohl f\u00fchlen k\u00f6nnen. Der Einsatz ausgesuchter hochwertiger Materialien f\u00fcr wasserfeste Fl\u00e4chen und Schr\u00e4nke garantiert eine hohe Qualit\u00e4t und Langlebigkeit &#8211; f\u00fcr nachhaltiges Wohlbefinden. Wir beraten Sie selbstverst\u00e4ndlich vor Ort und entwerfen, planen und fertigen exakt nach Ihren Vorstellungen.<\/p><\/div><\/div>\n<\/div>\n<\/div>\n<style class=\"advgb-styles-renderer\">#kt-adv-heading_e15f0a-8a, #kt-adv-heading_e15f0a-8a .wp-block-kadence-advancedheading, .wp-block-kadence-advancedheading.kt-adv-heading_e15f0a-8a[data-kb-block=\"kb-adv-heading_e15f0a-8a\"], .kadence-advanced-heading-wrapper .kt-adv-heading_e15f0a-8a[data-kb-block=\"kb-adv-heading_e15f0a-8a\"]{font-size:24px;padding-top:-20px;padding-bottom:50px;}#kt-adv-heading_4c4d08-4f, #kt-adv-heading_4c4d08-4f .wp-block-kadence-advancedheading, .wp-block-kadence-advancedheading.kt-adv-heading_4c4d08-4f[data-kb-block=\"kb-adv-heading_4c4d08-4f\"], .kadence-advanced-heading-wrapper .kt-adv-heading_4c4d08-4f[data-kb-block=\"kb-adv-heading_4c4d08-4f\"]{font-size:20px;padding-bottom:30px;padding-left:10px;}.advgb-img-3afbc3f9-86e9-46b2-a198-eafb503dc850.advgb-image-block .advgb-image-overlay{opacity:0.4 !important;}.advgb-img-3afbc3f9-86e9-46b2-a198-eafb503dc850.advgb-image-block:hover .advgb-image-overlay{opacity:0.2 !important;}<\/style>","protected":false},"excerpt":{"rendered":"<p>Ein exklusives Bad f\u00fcr maximalen Komfort Ihr Bad auf Ma\u00df vom Schreiner aus Buttenwiesen<\/p>\n","protected":false},"author":1,"featured_media":0,"parent":0,"menu_order":0,"comment_status":"closed","ping_status":"closed","template":"","meta":{"advgb_blocks_editor_width":"","advgb_blocks_columns_visual_guide":""},"coauthors":[],"author_meta":{"author_link":"https:\/\/web2.xn--schreinerei-wrmseher-1ec.de\/?author=1","display_name":"admin"},"relative_dates":{"created":"Posted 4\u00a0Jahren ago","modified":"Updated 4\u00a0Jahren ago"},"absolute_dates":{"created":"Posted on Mai 3, 2022","modified":"Updated on Mai 3, 2022"},"absolute_dates_time":{"created":"Posted on Mai 3, 2022 2:01 p.m.","modified":"Updated on Mai 3, 2022 2:05 p.m."},"featured_img_caption":"","featured_img":false,"_links":{"self":[{"href":"https:\/\/web2.xn--schreinerei-wrmseher-1ec.de\/index.php?rest_route=\/wp\/v2\/pages\/170"}],"collection":[{"href":"https:\/\/web2.xn--schreinerei-wrmseher-1ec.de\/index.php?rest_route=\/wp\/v2\/pages"}],"about":[{"href":"https:\/\/web2.xn--schreinerei-wrmseher-1ec.de\/index.php?rest_route=\/wp\/v2\/types\/page"}],"author":[{"embeddable":true,"href":"https:\/\/web2.xn--schreinerei-wrmseher-1ec.de\/index.php?rest_route=\/wp\/v2\/users\/1"}],"replies":[{"embeddable":true,"href":"https:\/\/web2.xn--schreinerei-wrmseher-1ec.de\/index.php?rest_route=%2Fwp%2Fv2%2Fcomments&post=170"}],"version-history":[{"count":7,"href":"https:\/\/web2.xn--schreinerei-wrmseher-1ec.de\/index.php?rest_route=\/wp\/v2\/pages\/170\/revisions"}],"predecessor-version":[{"id":179,"href":"https:\/\/web2.xn--schreinerei-wrmseher-1ec.de\/index.php?rest_route=\/wp\/v2\/pages\/170\/revisions\/179"}],"wp:attachment":[{"href":"https:\/\/web2.xn--schreinerei-wrmseher-1ec.de\/index.php?rest_route=%2Fwp%2Fv2%2Fmedia&parent=170"}],"curies":[{"name":"wp","href":"https:\/\/api.w.org\/{rel}","templated":true}]}}