{"id":25,"date":"2022-02-15T09:58:09","date_gmt":"2022-02-15T09:58:09","guid":{"rendered":"https:\/\/neu.xn--schreinerei-wrmseher-1ec.de\/wordpress\/?page_id=25"},"modified":"2022-02-15T11:23:30","modified_gmt":"2022-02-15T11:23:30","slug":"ueber-uns","status":"publish","type":"page","link":"https:\/\/web2.xn--schreinerei-wrmseher-1ec.de\/?page_id=25","title":{"rendered":"\u00fcber uns"},"content":{"rendered":"\n<p><\/p>\n\n\n\n<div class=\"wp-block-media-text alignwide is-stacked-on-mobile\" style=\"grid-template-columns:30% auto\"><figure class=\"wp-block-media-text__media\"><img decoding=\"async\" loading=\"lazy\" width=\"385\" height=\"285\" src=\"https:\/\/web2.xn--schreinerei-wrmseher-1ec.de\/wp-content\/uploads\/2022\/02\/georg385.jpg\" alt=\"\" class=\"wp-image-34 size-full\" srcset=\"https:\/\/web2.xn--schreinerei-wrmseher-1ec.de\/wp-content\/uploads\/2022\/02\/georg385.jpg 385w, https:\/\/web2.xn--schreinerei-wrmseher-1ec.de\/wp-content\/uploads\/2022\/02\/georg385-300x222.jpg 300w\" sizes=\"(max-width: 385px) 100vw, 385px\" \/><\/figure><div class=\"wp-block-media-text__content\">\n<p class=\"has-normal-font-size\" style=\"font-style:normal;font-weight:500\">Wir sind ein handwerklicher Betrieb der konsequent durch eine individuelle Beratung aus Ihren Ideen und W\u00fcnschen ma\u00dfgefertigte Designvorschl\u00e4ge entwickelt und Umsetzt. Hierbei kommt modernste Technik wie visuelle CAD-Planung zum Einsatz.<\/p>\n<\/div><\/div>\n","protected":false},"excerpt":{"rendered":"<p>Wir sind ein handwerklicher Betrieb der konsequent durch eine individuelle Beratung aus Ihren Ideen und W\u00fcnschen ma\u00dfgefertigte Designvorschl\u00e4ge entwickelt und Umsetzt. Hierbei kommt modernste Technik wie visuelle CAD-Planung zum Einsatz.<\/p>\n","protected":false},"author":1,"featured_media":0,"parent":0,"menu_order":0,"comment_status":"closed","ping_status":"closed","template":"","meta":{"advgb_blocks_editor_width":"","advgb_blocks_columns_visual_guide":""},"coauthors":[],"author_meta":{"author_link":"https:\/\/web2.xn--schreinerei-wrmseher-1ec.de\/?author=1","display_name":"admin"},"relative_dates":{"created":"Posted 4\u00a0Jahren ago","modified":"Updated 4\u00a0Jahren ago"},"absolute_dates":{"created":"Posted on Februar 15, 2022","modified":"Updated on Februar 15, 2022"},"absolute_dates_time":{"created":"Posted on Februar 15, 2022 9:58 a.m.","modified":"Updated on Februar 15, 2022 11:23 a.m."},"featured_img_caption":"","featured_img":false,"_links":{"self":[{"href":"https:\/\/web2.xn--schreinerei-wrmseher-1ec.de\/index.php?rest_route=\/wp\/v2\/pages\/25"}],"collection":[{"href":"https:\/\/web2.xn--schreinerei-wrmseher-1ec.de\/index.php?rest_route=\/wp\/v2\/pages"}],"about":[{"href":"https:\/\/web2.xn--schreinerei-wrmseher-1ec.de\/index.php?rest_route=\/wp\/v2\/types\/page"}],"author":[{"embeddable":true,"href":"https:\/\/web2.xn--schreinerei-wrmseher-1ec.de\/index.php?rest_route=\/wp\/v2\/users\/1"}],"replies":[{"embeddable":true,"href":"https:\/\/web2.xn--schreinerei-wrmseher-1ec.de\/index.php?rest_route=%2Fwp%2Fv2%2Fcomments&post=25"}],"version-history":[{"count":3,"href":"https:\/\/web2.xn--schreinerei-wrmseher-1ec.de\/index.php?rest_route=\/wp\/v2\/pages\/25\/revisions"}],"predecessor-version":[{"id":36,"href":"https:\/\/web2.xn--schreinerei-wrmseher-1ec.de\/index.php?rest_route=\/wp\/v2\/pages\/25\/revisions\/36"}],"wp:attachment":[{"href":"https:\/\/web2.xn--schreinerei-wrmseher-1ec.de\/index.php?rest_route=%2Fwp%2Fv2%2Fmedia&parent=25"}],"curies":[{"name":"wp","href":"https:\/\/api.w.org\/{rel}","templated":true}]}}