{"id":47,"date":"2022-02-15T10:47:49","date_gmt":"2022-02-15T10:47:49","guid":{"rendered":"https:\/\/neu.xn--schreinerei-wrmseher-1ec.de\/wordpress\/?page_id=47"},"modified":"2022-02-15T11:27:54","modified_gmt":"2022-02-15T11:27:54","slug":"cad-planung","status":"publish","type":"page","link":"https:\/\/web2.xn--schreinerei-wrmseher-1ec.de\/?page_id=47","title":{"rendered":"cad-planung"},"content":{"rendered":"\n<div class=\"wp-block-media-text alignwide is-stacked-on-mobile\"><figure class=\"wp-block-media-text__media\"><img decoding=\"async\" loading=\"lazy\" width=\"1024\" height=\"670\" src=\"https:\/\/web2.xn--schreinerei-wrmseher-1ec.de\/wp-content\/uploads\/2022\/02\/cad_001-1024x670.jpg\" alt=\"\" class=\"wp-image-48 size-full\" srcset=\"https:\/\/web2.xn--schreinerei-wrmseher-1ec.de\/wp-content\/uploads\/2022\/02\/cad_001-1024x670.jpg 1024w, https:\/\/web2.xn--schreinerei-wrmseher-1ec.de\/wp-content\/uploads\/2022\/02\/cad_001-300x196.jpg 300w, https:\/\/web2.xn--schreinerei-wrmseher-1ec.de\/wp-content\/uploads\/2022\/02\/cad_001-768x502.jpg 768w, https:\/\/web2.xn--schreinerei-wrmseher-1ec.de\/wp-content\/uploads\/2022\/02\/cad_001-1536x1005.jpg 1536w, https:\/\/web2.xn--schreinerei-wrmseher-1ec.de\/wp-content\/uploads\/2022\/02\/cad_001.jpg 2000w\" sizes=\"(max-width: 1024px) 100vw, 1024px\" \/><\/figure><div class=\"wp-block-media-text__content\">\n<p class=\"has-normal-font-size\" style=\"font-style:normal;font-weight:500\">Bei der Planung Ihres Wunschm\u00f6bel kommt bei uns modernste CAD-Planung zum Einsatz.<br>Hierdurch ist es uns m\u00f6glich Ihr M\u00f6bel in den vorhandenen Raum einzupassen bevor wir mit der Fertigung beginnen. Durch den Einsatz dieser Technik sehen Sie vorab fast fotoreal Ihr Wunschm\u00f6bel im eingebauten Zustand.<\/p>\n<\/div><\/div>\n","protected":false},"excerpt":{"rendered":"<p>Bei der Planung Ihres Wunschm\u00f6bel kommt bei uns modernste CAD-Planung zum Einsatz.Hierdurch ist es uns m\u00f6glich Ihr M\u00f6bel in den vorhandenen Raum einzupassen bevor wir mit der Fertigung beginnen. Durch den Einsatz dieser Technik sehen Sie vorab fast fotoreal Ihr Wunschm\u00f6bel im eingebauten Zustand.<\/p>\n","protected":false},"author":1,"featured_media":53,"parent":0,"menu_order":0,"comment_status":"closed","ping_status":"closed","template":"","meta":{"advgb_blocks_editor_width":"","advgb_blocks_columns_visual_guide":""},"coauthors":[],"author_meta":{"author_link":"https:\/\/web2.xn--schreinerei-wrmseher-1ec.de\/?author=1","display_name":"admin"},"relative_dates":{"created":"Posted 4\u00a0Jahren ago","modified":"Updated 4\u00a0Jahren ago"},"absolute_dates":{"created":"Posted on Februar 15, 2022","modified":"Updated on Februar 15, 2022"},"absolute_dates_time":{"created":"Posted on Februar 15, 2022 10:47 a.m.","modified":"Updated on Februar 15, 2022 11:27 a.m."},"featured_img_caption":"","featured_img":"https:\/\/web2.xn--schreinerei-wrmseher-1ec.de\/wp-content\/uploads\/2022\/02\/cad_012.jpg","_links":{"self":[{"href":"https:\/\/web2.xn--schreinerei-wrmseher-1ec.de\/index.php?rest_route=\/wp\/v2\/pages\/47"}],"collection":[{"href":"https:\/\/web2.xn--schreinerei-wrmseher-1ec.de\/index.php?rest_route=\/wp\/v2\/pages"}],"about":[{"href":"https:\/\/web2.xn--schreinerei-wrmseher-1ec.de\/index.php?rest_route=\/wp\/v2\/types\/page"}],"author":[{"embeddable":true,"href":"https:\/\/web2.xn--schreinerei-wrmseher-1ec.de\/index.php?rest_route=\/wp\/v2\/users\/1"}],"replies":[{"embeddable":true,"href":"https:\/\/web2.xn--schreinerei-wrmseher-1ec.de\/index.php?rest_route=%2Fwp%2Fv2%2Fcomments&post=47"}],"version-history":[{"count":2,"href":"https:\/\/web2.xn--schreinerei-wrmseher-1ec.de\/index.php?rest_route=\/wp\/v2\/pages\/47\/revisions"}],"predecessor-version":[{"id":66,"href":"https:\/\/web2.xn--schreinerei-wrmseher-1ec.de\/index.php?rest_route=\/wp\/v2\/pages\/47\/revisions\/66"}],"wp:featuredmedia":[{"embeddable":true,"href":"https:\/\/web2.xn--schreinerei-wrmseher-1ec.de\/index.php?rest_route=\/wp\/v2\/media\/53"}],"wp:attachment":[{"href":"https:\/\/web2.xn--schreinerei-wrmseher-1ec.de\/index.php?rest_route=%2Fwp%2Fv2%2Fmedia&parent=47"}],"curies":[{"name":"wp","href":"https:\/\/api.w.org\/{rel}","templated":true}]}}